{"id":984,"date":"2024-04-29T19:33:27","date_gmt":"2024-04-29T19:33:27","guid":{"rendered":"https:\/\/alimentsfarmhousefood.com\/privacy-policy\/"},"modified":"2024-06-05T14:32:07","modified_gmt":"2024-06-05T14:32:07","slug":"politique-de-confidentialite","status":"publish","type":"page","link":"https:\/\/alimentsfarmhousefood.com\/fr\/politique-de-confidentialite\/","title":{"rendered":"Politique de confidentialit\u00e9"},"content":{"rendered":"\t\t<div data-elementor-type=\"wp-page\" data-elementor-id=\"984\" class=\"elementor elementor-984 elementor-3\" data-elementor-post-type=\"page\">\n\t\t\t\t<div class=\"elementor-element elementor-element-c10c697 e-flex e-con-boxed e-con e-parent\" data-id=\"c10c697\" data-element_type=\"container\">\n\t\t\t\t\t<div class=\"e-con-inner\">\n\t\t\t\t<div class=\"elementor-element elementor-element-2992426 elementor-widget elementor-widget-theme-post-title elementor-page-title elementor-widget-heading\" data-id=\"2992426\" data-element_type=\"widget\" data-widget_type=\"theme-post-title.default\">\n\t\t\t\t<div class=\"elementor-widget-container\">\n\t\t\t\t\t<h1 class=\"elementor-heading-title elementor-size-default\">Politique de confidentialit\u00e9<\/h1>\t\t\t\t<\/div>\n\t\t\t\t<\/div>\n\t\t\t\t\t<\/div>\n\t\t\t\t<\/div>\n\t\t<div class=\"elementor-element elementor-element-7f5d794f e-grid e-con-boxed e-con e-parent\" data-id=\"7f5d794f\" data-element_type=\"container\">\n\t\t\t\t\t<div class=\"e-con-inner\">\n\t\t<div class=\"elementor-element elementor-element-f414cac e-flex e-con-boxed e-con e-child\" data-id=\"f414cac\" data-element_type=\"container\">\n\t\t\t\t\t<div class=\"e-con-inner\">\n\t\t\t\t<div class=\"elementor-element elementor-element-67c2a54 elementor-widget elementor-widget-heading\" data-id=\"67c2a54\" data-element_type=\"widget\" data-widget_type=\"heading.default\">\n\t\t\t\t<div class=\"elementor-widget-container\">\n\t\t\t\t\t<h2 class=\"elementor-heading-title elementor-size-default\">Qui sommes-nous<\/h2>\t\t\t\t<\/div>\n\t\t\t\t<\/div>\n\t\t\t\t<div class=\"elementor-element elementor-element-3d6e95a elementor-widget elementor-widget-text-editor\" data-id=\"3d6e95a\" data-element_type=\"widget\" data-widget_type=\"text-editor.default\">\n\t\t\t\t<div class=\"elementor-widget-container\">\n\t\t\t\t\t\t\t\t\t<p>Voici notre adresse Internet : <a href=\"https:\/\/alimentsfarmhousefood.com\/\">https:\/\/alimentsfarmhousefood.com\/<\/a> et celle pour la boutique en ligne\u00a0: <a href=\"https:\/\/shop.alimentsfarmhousefood.com\/Index\">https:\/\/shop.alimentsfarmhousefood.com\/Index<\/a><\/p><p>Les demandes de renseignements peuvent \u00eatre envoy\u00e9es \u00e0\u00a0:<\/p><p>Courriel : <a href=\"mailto:info@alimentsfarmhousefood.com\">info@alimentsfarmhousefood.com<\/a><\/p><address style=\"font-style: normal;\">Coop\u00e9rative Aliments Farmhouse Food Cooperative<br \/>502 QC-323, Papineauville, QC, J0V 1R0<\/address>\t\t\t\t\t\t\t\t<\/div>\n\t\t\t\t<\/div>\n\t\t\t\t<div class=\"elementor-element elementor-element-dc14b93 elementor-widget elementor-widget-heading\" data-id=\"dc14b93\" data-element_type=\"widget\" data-widget_type=\"heading.default\">\n\t\t\t\t<div class=\"elementor-widget-container\">\n\t\t\t\t\t<h2 class=\"elementor-heading-title elementor-size-default\">T\u00e9moins<\/h2>\t\t\t\t<\/div>\n\t\t\t\t<\/div>\n\t\t\t\t<div class=\"elementor-element elementor-element-36da845 elementor-widget elementor-widget-text-editor\" data-id=\"36da845\" data-element_type=\"widget\" data-widget_type=\"text-editor.default\">\n\t\t\t\t<div class=\"elementor-widget-container\">\n\t\t\t\t\t\t\t\t\t<p>Le pr\u00e9sent site utilise des t\u00e9moins pour ajuster les param\u00e8tres du site et g\u00e9rer vos pr\u00e9f\u00e9rences. Les t\u00e9moins et les technologies similaires utilis\u00e9s pour la fonctionnalit\u00e9 vous permettent d&rsquo;acc\u00e9der \u00e0 des fonctions qui sont essentielles pour notre service. Les \u00e9l\u00e9ments consid\u00e9r\u00e9s comme essentiels pour un service comprennent la m\u00e9morisation des choix et des pr\u00e9f\u00e9rences, comme votre choix de langue, le stockage des informations relatives \u00e0 votre session, comme le contenu d&rsquo;un panier d&rsquo;achat, l&rsquo;activation des fonctions ou l&rsquo;ex\u00e9cution des t\u00e2ches demand\u00e9es par vous, et les optimisations de produits qui aident \u00e0 maintenir et \u00e0 am\u00e9liorer ce service.<\/p>\t\t\t\t\t\t\t\t<\/div>\n\t\t\t\t<\/div>\n\t\t\t\t<div class=\"elementor-element elementor-element-457797a elementor-widget elementor-widget-heading\" data-id=\"457797a\" data-element_type=\"widget\" data-widget_type=\"heading.default\">\n\t\t\t\t<div class=\"elementor-widget-container\">\n\t\t\t\t\t<h2 class=\"elementor-heading-title elementor-size-default\">Contenu int\u00e9gr\u00e9 d\u2019autres sites Internet<\/h2>\t\t\t\t<\/div>\n\t\t\t\t<\/div>\n\t\t\t\t<div class=\"elementor-element elementor-element-fcd938d elementor-widget elementor-widget-text-editor\" data-id=\"fcd938d\" data-element_type=\"widget\" data-widget_type=\"text-editor.default\">\n\t\t\t\t<div class=\"elementor-widget-container\">\n\t\t\t\t\t\t\t\t\t<p>Les articles de ce site peuvent contenir du contenu int\u00e9gr\u00e9 (par exemple des vid\u00e9os, des images, des articles, etc.). Le contenu int\u00e9gr\u00e9 provenant d&rsquo;autres sites Internet se comporte exactement de la m\u00eame mani\u00e8re que si le visiteur avait visit\u00e9 l&rsquo;autre site Internet.<\/p>\n\n<p>Il est possible que ces sites Internet recueillent des donn\u00e9es vous concernant, utilisent des t\u00e9moins, int\u00e8grent un suivi suppl\u00e9mentaire par des tiers et contr\u00f4lent votre interaction avec ce contenu int\u00e9gr\u00e9, y compris votre interaction avec le contenu int\u00e9gr\u00e9 si vous avez un compte et \u00eates connect\u00e9 \u00e0 ce site Internet.<\/p>\t\t\t\t\t\t\t\t<\/div>\n\t\t\t\t<\/div>\n\t\t\t\t<div class=\"elementor-element elementor-element-5bd6cc5 elementor-widget elementor-widget-heading\" data-id=\"5bd6cc5\" data-element_type=\"widget\" data-widget_type=\"heading.default\">\n\t\t\t\t<div class=\"elementor-widget-container\">\n\t\t\t\t\t<h2 class=\"elementor-heading-title elementor-size-default\">Avec qui partageons-nous vos donn\u00e9es ?<\/h2>\t\t\t\t<\/div>\n\t\t\t\t<\/div>\n\t\t\t\t<div class=\"elementor-element elementor-element-681e853 elementor-widget elementor-widget-text-editor\" data-id=\"681e853\" data-element_type=\"widget\" data-widget_type=\"text-editor.default\">\n\t\t\t\t<div class=\"elementor-widget-container\">\n\t\t\t\t\t\t\t\t\t<p>Pour les utilisateurs qui s&rsquo;inscrivent sur notre site Internet (le cas \u00e9ch\u00e9ant), nous stockons \u00e9galement les informations personnelles qu&rsquo;ils fournissent dans leur profil d&rsquo;utilisateur. Tous les utilisateurs peuvent voir, modifier ou supprimer leurs renseignements personnels \u00e0 tout moment (sauf qu&rsquo;ils ne peuvent pas changer leur nom d&rsquo;utilisateur). Les administrateurs du site Internet peuvent \u00e9galement consulter et modifier ces informations.<\/p>\t\t\t\t\t\t\t\t<\/div>\n\t\t\t\t<\/div>\n\t\t\t\t<div class=\"elementor-element elementor-element-7287827 elementor-widget elementor-widget-heading\" data-id=\"7287827\" data-element_type=\"widget\" data-widget_type=\"heading.default\">\n\t\t\t\t<div class=\"elementor-widget-container\">\n\t\t\t\t\t<h2 class=\"elementor-heading-title elementor-size-default\">Droit d'acc\u00e8s \u00e0 vos donn\u00e9es<\/h2>\t\t\t\t<\/div>\n\t\t\t\t<\/div>\n\t\t\t\t<div class=\"elementor-element elementor-element-31d309d elementor-widget elementor-widget-text-editor\" data-id=\"31d309d\" data-element_type=\"widget\" data-widget_type=\"text-editor.default\">\n\t\t\t\t<div class=\"elementor-widget-container\">\n\t\t\t\t\t\t\t\t\t<p>Si vous avez un compte sur ce site, vous pouvez demander \u00e0 recevoir un fichier export\u00e9 des donn\u00e9es personnelles que nous d\u00e9tenons \u00e0 votre sujet, y compris toutes les donn\u00e9es que vous nous avez fournies. Vous pouvez \u00e9galement nous demander d&rsquo;effacer toutes les donn\u00e9es personnelles que nous d\u00e9tenons \u00e0 votre sujet. Cela n&rsquo;inclut pas les donn\u00e9es que nous sommes oblig\u00e9s de conserver \u00e0 des fins administratives, juridiques ou de s\u00e9curit\u00e9.<\/p>\t\t\t\t\t\t\t\t<\/div>\n\t\t\t\t<\/div>\n\t\t\t\t<div class=\"elementor-element elementor-element-310cb16 elementor-widget elementor-widget-heading\" data-id=\"310cb16\" data-element_type=\"widget\" data-widget_type=\"heading.default\">\n\t\t\t\t<div class=\"elementor-widget-container\">\n\t\t\t\t\t<h2 class=\"elementor-heading-title elementor-size-default\">O\u00f9 vos donn\u00e9es sont-elles envoy\u00e9es ?<\/h2>\t\t\t\t<\/div>\n\t\t\t\t<\/div>\n\t\t\t\t<div class=\"elementor-element elementor-element-a82c854 elementor-widget elementor-widget-text-editor\" data-id=\"a82c854\" data-element_type=\"widget\" data-widget_type=\"text-editor.default\">\n\t\t\t\t<div class=\"elementor-widget-container\">\n\t\t\t\t\t\t\t\t\t<p>Les donn\u00e9es sont utilis\u00e9es par Google et Mailchimp pour fournir des informations sur les commandes et les livraisons.<\/p>\t\t\t\t\t\t\t\t<\/div>\n\t\t\t\t<\/div>\n\t\t\t\t\t<\/div>\n\t\t\t\t<\/div>\n\t\t\t\t\t<\/div>\n\t\t\t\t<\/div>\n\t\t\t\t<\/div>\n\t\t","protected":false},"excerpt":{"rendered":"<p>Qui sommes-nous Voici notre adresse Internet : https:\/\/alimentsfarmhousefood.com\/ et celle pour la boutique en ligne\u00a0: https:\/\/shop.alimentsfarmhousefood.com\/Index Les demandes de renseignements peuvent \u00eatre envoy\u00e9es \u00e0\u00a0: Courriel : info@alimentsfarmhousefood.com Coop\u00e9rative Aliments Farmhouse Food Cooperative502 QC-323, Papineauville, QC, J0V 1R0 T\u00e9moins Le pr\u00e9sent site utilise des t\u00e9moins pour ajuster les param\u00e8tres du site et g\u00e9rer vos pr\u00e9f\u00e9rences. Les [&hellip;]<\/p>\n","protected":false},"author":1,"featured_media":0,"parent":0,"menu_order":0,"comment_status":"closed","ping_status":"closed","template":"","meta":{"_acf_changed":false,"footnotes":""},"class_list":["post-984","page","type-page","status-publish","hentry"],"acf":[],"yoast_head":"<!-- This site is optimized with the Yoast SEO plugin v27.4 - https:\/\/yoast.com\/product\/yoast-seo-wordpress\/ -->\n<title>Politique de confidentialit\u00e9 - Farmhouse Food<\/title>\n<meta name=\"robots\" content=\"index, follow, max-snippet:-1, max-image-preview:large, max-video-preview:-1\" \/>\n<link rel=\"canonical\" href=\"https:\/\/alimentsfarmhousefood.com\/fr\/politique-de-confidentialite\/\" \/>\n<meta property=\"og:locale\" content=\"fr_FR\" \/>\n<meta property=\"og:type\" content=\"article\" \/>\n<meta property=\"og:title\" content=\"Politique de confidentialit\u00e9 - Farmhouse Food\" \/>\n<meta property=\"og:description\" content=\"Qui sommes-nous Voici notre adresse Internet : https:\/\/alimentsfarmhousefood.com\/ et celle pour la boutique en ligne\u00a0: https:\/\/shop.alimentsfarmhousefood.com\/Index Les demandes de renseignements peuvent \u00eatre envoy\u00e9es \u00e0\u00a0: Courriel : info@alimentsfarmhousefood.com Coop\u00e9rative Aliments Farmhouse Food Cooperative502 QC-323, Papineauville, QC, J0V 1R0 T\u00e9moins Le pr\u00e9sent site utilise des t\u00e9moins pour ajuster les param\u00e8tres du site et g\u00e9rer vos pr\u00e9f\u00e9rences. Les [&hellip;]\" \/>\n<meta property=\"og:url\" content=\"https:\/\/alimentsfarmhousefood.com\/fr\/politique-de-confidentialite\/\" \/>\n<meta property=\"og:site_name\" content=\"Farmhouse Food\" \/>\n<meta property=\"article:publisher\" content=\"https:\/\/www.facebook.com\/alimentfarmhousefood\" \/>\n<meta property=\"article:modified_time\" content=\"2024-06-05T14:32:07+00:00\" \/>\n<meta name=\"twitter:card\" content=\"summary_large_image\" \/>\n<script type=\"application\/ld+json\" class=\"yoast-schema-graph\">{\"@context\":\"https:\\\/\\\/schema.org\",\"@graph\":[{\"@type\":\"WebPage\",\"@id\":\"https:\\\/\\\/alimentsfarmhousefood.com\\\/fr\\\/politique-de-confidentialite\\\/\",\"url\":\"https:\\\/\\\/alimentsfarmhousefood.com\\\/fr\\\/politique-de-confidentialite\\\/\",\"name\":\"Politique de confidentialit\u00e9 - Farmhouse Food\",\"isPartOf\":{\"@id\":\"https:\\\/\\\/alimentsfarmhousefood.com\\\/fr\\\/#website\"},\"datePublished\":\"2024-04-29T19:33:27+00:00\",\"dateModified\":\"2024-06-05T14:32:07+00:00\",\"breadcrumb\":{\"@id\":\"https:\\\/\\\/alimentsfarmhousefood.com\\\/fr\\\/politique-de-confidentialite\\\/#breadcrumb\"},\"inLanguage\":\"fr-FR\",\"potentialAction\":[{\"@type\":\"ReadAction\",\"target\":[\"https:\\\/\\\/alimentsfarmhousefood.com\\\/fr\\\/politique-de-confidentialite\\\/\"]}]},{\"@type\":\"BreadcrumbList\",\"@id\":\"https:\\\/\\\/alimentsfarmhousefood.com\\\/fr\\\/politique-de-confidentialite\\\/#breadcrumb\",\"itemListElement\":[{\"@type\":\"ListItem\",\"position\":1,\"name\":\"Home\",\"item\":\"https:\\\/\\\/alimentsfarmhousefood.com\\\/fr\\\/\"},{\"@type\":\"ListItem\",\"position\":2,\"name\":\"Politique de confidentialit\u00e9\"}]},{\"@type\":\"WebSite\",\"@id\":\"https:\\\/\\\/alimentsfarmhousefood.com\\\/fr\\\/#website\",\"url\":\"https:\\\/\\\/alimentsfarmhousefood.com\\\/fr\\\/\",\"name\":\"Farmhouse Food\",\"description\":\"Let us bring the Farmer's Market to your door!\",\"publisher\":{\"@id\":\"https:\\\/\\\/alimentsfarmhousefood.com\\\/fr\\\/#organization\"},\"potentialAction\":[{\"@type\":\"SearchAction\",\"target\":{\"@type\":\"EntryPoint\",\"urlTemplate\":\"https:\\\/\\\/alimentsfarmhousefood.com\\\/fr\\\/?s={search_term_string}\"},\"query-input\":{\"@type\":\"PropertyValueSpecification\",\"valueRequired\":true,\"valueName\":\"search_term_string\"}}],\"inLanguage\":\"fr-FR\"},{\"@type\":\"Organization\",\"@id\":\"https:\\\/\\\/alimentsfarmhousefood.com\\\/fr\\\/#organization\",\"name\":\"Farmhouse Food\",\"url\":\"https:\\\/\\\/alimentsfarmhousefood.com\\\/fr\\\/\",\"logo\":{\"@type\":\"ImageObject\",\"inLanguage\":\"fr-FR\",\"@id\":\"https:\\\/\\\/alimentsfarmhousefood.com\\\/fr\\\/#\\\/schema\\\/logo\\\/image\\\/\",\"url\":\"https:\\\/\\\/alimentsfarmhousefood.com\\\/wp-content\\\/uploads\\\/2024\\\/04\\\/AlimentsFarmhouseFood_Logo-Simple_CMYK.png\",\"contentUrl\":\"https:\\\/\\\/alimentsfarmhousefood.com\\\/wp-content\\\/uploads\\\/2024\\\/04\\\/AlimentsFarmhouseFood_Logo-Simple_CMYK.png\",\"width\":1488,\"height\":611,\"caption\":\"Farmhouse Food\"},\"image\":{\"@id\":\"https:\\\/\\\/alimentsfarmhousefood.com\\\/fr\\\/#\\\/schema\\\/logo\\\/image\\\/\"},\"sameAs\":[\"https:\\\/\\\/www.facebook.com\\\/alimentfarmhousefood\",\"https:\\\/\\\/www.instagram.com\\\/farm_housefood\\\/\"]}]}<\/script>\n<!-- \/ Yoast SEO plugin. -->","yoast_head_json":{"title":"Politique de confidentialit\u00e9 - Farmhouse Food","robots":{"index":"index","follow":"follow","max-snippet":"max-snippet:-1","max-image-preview":"max-image-preview:large","max-video-preview":"max-video-preview:-1"},"canonical":"https:\/\/alimentsfarmhousefood.com\/fr\/politique-de-confidentialite\/","og_locale":"fr_FR","og_type":"article","og_title":"Politique de confidentialit\u00e9 - Farmhouse Food","og_description":"Qui sommes-nous Voici notre adresse Internet : https:\/\/alimentsfarmhousefood.com\/ et celle pour la boutique en ligne\u00a0: https:\/\/shop.alimentsfarmhousefood.com\/Index Les demandes de renseignements peuvent \u00eatre envoy\u00e9es \u00e0\u00a0: Courriel : info@alimentsfarmhousefood.com Coop\u00e9rative Aliments Farmhouse Food Cooperative502 QC-323, Papineauville, QC, J0V 1R0 T\u00e9moins Le pr\u00e9sent site utilise des t\u00e9moins pour ajuster les param\u00e8tres du site et g\u00e9rer vos pr\u00e9f\u00e9rences. Les [&hellip;]","og_url":"https:\/\/alimentsfarmhousefood.com\/fr\/politique-de-confidentialite\/","og_site_name":"Farmhouse Food","article_publisher":"https:\/\/www.facebook.com\/alimentfarmhousefood","article_modified_time":"2024-06-05T14:32:07+00:00","twitter_card":"summary_large_image","schema":{"@context":"https:\/\/schema.org","@graph":[{"@type":"WebPage","@id":"https:\/\/alimentsfarmhousefood.com\/fr\/politique-de-confidentialite\/","url":"https:\/\/alimentsfarmhousefood.com\/fr\/politique-de-confidentialite\/","name":"Politique de confidentialit\u00e9 - Farmhouse Food","isPartOf":{"@id":"https:\/\/alimentsfarmhousefood.com\/fr\/#website"},"datePublished":"2024-04-29T19:33:27+00:00","dateModified":"2024-06-05T14:32:07+00:00","breadcrumb":{"@id":"https:\/\/alimentsfarmhousefood.com\/fr\/politique-de-confidentialite\/#breadcrumb"},"inLanguage":"fr-FR","potentialAction":[{"@type":"ReadAction","target":["https:\/\/alimentsfarmhousefood.com\/fr\/politique-de-confidentialite\/"]}]},{"@type":"BreadcrumbList","@id":"https:\/\/alimentsfarmhousefood.com\/fr\/politique-de-confidentialite\/#breadcrumb","itemListElement":[{"@type":"ListItem","position":1,"name":"Home","item":"https:\/\/alimentsfarmhousefood.com\/fr\/"},{"@type":"ListItem","position":2,"name":"Politique de confidentialit\u00e9"}]},{"@type":"WebSite","@id":"https:\/\/alimentsfarmhousefood.com\/fr\/#website","url":"https:\/\/alimentsfarmhousefood.com\/fr\/","name":"Farmhouse Food","description":"Let us bring the Farmer's Market to your door!","publisher":{"@id":"https:\/\/alimentsfarmhousefood.com\/fr\/#organization"},"potentialAction":[{"@type":"SearchAction","target":{"@type":"EntryPoint","urlTemplate":"https:\/\/alimentsfarmhousefood.com\/fr\/?s={search_term_string}"},"query-input":{"@type":"PropertyValueSpecification","valueRequired":true,"valueName":"search_term_string"}}],"inLanguage":"fr-FR"},{"@type":"Organization","@id":"https:\/\/alimentsfarmhousefood.com\/fr\/#organization","name":"Farmhouse Food","url":"https:\/\/alimentsfarmhousefood.com\/fr\/","logo":{"@type":"ImageObject","inLanguage":"fr-FR","@id":"https:\/\/alimentsfarmhousefood.com\/fr\/#\/schema\/logo\/image\/","url":"https:\/\/alimentsfarmhousefood.com\/wp-content\/uploads\/2024\/04\/AlimentsFarmhouseFood_Logo-Simple_CMYK.png","contentUrl":"https:\/\/alimentsfarmhousefood.com\/wp-content\/uploads\/2024\/04\/AlimentsFarmhouseFood_Logo-Simple_CMYK.png","width":1488,"height":611,"caption":"Farmhouse Food"},"image":{"@id":"https:\/\/alimentsfarmhousefood.com\/fr\/#\/schema\/logo\/image\/"},"sameAs":["https:\/\/www.facebook.com\/alimentfarmhousefood","https:\/\/www.instagram.com\/farm_housefood\/"]}]}},"_links":{"self":[{"href":"https:\/\/alimentsfarmhousefood.com\/fr\/wp-json\/wp\/v2\/pages\/984","targetHints":{"allow":["GET"]}}],"collection":[{"href":"https:\/\/alimentsfarmhousefood.com\/fr\/wp-json\/wp\/v2\/pages"}],"about":[{"href":"https:\/\/alimentsfarmhousefood.com\/fr\/wp-json\/wp\/v2\/types\/page"}],"author":[{"embeddable":true,"href":"https:\/\/alimentsfarmhousefood.com\/fr\/wp-json\/wp\/v2\/users\/1"}],"replies":[{"embeddable":true,"href":"https:\/\/alimentsfarmhousefood.com\/fr\/wp-json\/wp\/v2\/comments?post=984"}],"version-history":[{"count":9,"href":"https:\/\/alimentsfarmhousefood.com\/fr\/wp-json\/wp\/v2\/pages\/984\/revisions"}],"predecessor-version":[{"id":997,"href":"https:\/\/alimentsfarmhousefood.com\/fr\/wp-json\/wp\/v2\/pages\/984\/revisions\/997"}],"wp:attachment":[{"href":"https:\/\/alimentsfarmhousefood.com\/fr\/wp-json\/wp\/v2\/media?parent=984"}],"curies":[{"name":"wp","href":"https:\/\/api.w.org\/{rel}","templated":true}]}}